{"id":555,"date":"2024-04-30T16:43:46","date_gmt":"2024-04-30T16:43:46","guid":{"rendered":"https:\/\/tedelsa-hn.com\/?post_type=product&#038;p=555"},"modified":"2024-04-30T16:59:02","modified_gmt":"2024-04-30T16:59:02","slug":"farolas-solares-automaticas-todo-en-uno-para-carreteras","status":"publish","type":"product","link":"https:\/\/tedelsa-hn.com\/index.php\/producto\/farolas-solares-automaticas-todo-en-uno-para-carreteras\/","title":{"rendered":"Farolas solares autom\u00e1ticas todo en uno para carreteras"},"content":{"rendered":"<h6 id=\"tw-target-text\" class=\"tw-data-text tw-text-large tw-ta\" dir=\"ltr\" data-placeholder=\"Traducci\u00f3n\" aria-label=\"Texto traducido\" data-ved=\"2ahUKEwiw6snvk-qFAxVSibAFHZLBDaMQ3ewLegQIBRAU\"><span class=\"Y2IQFc\" lang=\"es\">N\u00famero de art\u00edculo: HC-HYJ Voltaje: 100W, 150W, 200W, 250W Material: perfil de aluminio Bater\u00eda: Bater\u00eda de fosfato de hierro y litio Voltaje del panel solar: 18 V. Voltaje de la bater\u00eda: 12,8 V Marca de chips LED: CREE Cargador: MPPT Aplicaci\u00f3n: Plaza, estacionamiento, jard\u00edn, patio, exterior<\/span><\/h6>\n<div class=\"cpt-price-and-cart-button\"><\/div>","protected":false},"excerpt":{"rendered":"<p>N\u00famero de art\u00edculo: HC-HYJ Voltaje: 100W, 150W, 200W, 250W Material: perfil de aluminio Bater\u00eda: Bater\u00eda de fosfato de hierro y litio Voltaje del panel solar: 18 V. Voltaje de la bater\u00eda: 12,8 V Marca de chips LED: CREE Cargador: MPPT Aplicaci\u00f3n: Plaza, estacionamiento, jard\u00edn, patio, exterior<\/p>\n","protected":false},"featured_media":556,"comment_status":"open","ping_status":"closed","template":"","meta":{"site-sidebar-layout":"default","site-content-layout":"","ast-site-content-layout":"default","site-content-style":"default","site-sidebar-style":"default","ast-global-header-display":"","ast-banner-title-visibility":"","ast-main-header-display":"","ast-hfb-above-header-display":"","ast-hfb-below-header-display":"","ast-hfb-mobile-header-display":"","site-post-title":"","ast-breadcrumbs-content":"","ast-featured-img":"","footer-sml-layout":"","theme-transparent-header-meta":"default","adv-header-id-meta":"","stick-header-meta":"","header-above-stick-meta":"","header-main-stick-meta":"","header-below-stick-meta":"","astra-migrate-meta-layouts":"set","ast-page-background-enabled":"default","ast-page-background-meta":{"desktop":{"background-color":"var(--ast-global-color-4)","background-image":"","background-repeat":"repeat","background-position":"center center","background-size":"auto","background-attachment":"scroll","background-type":"","background-media":"","overlay-type":"","overlay-color":"","overlay-gradient":""},"tablet":{"background-color":"","background-image":"","background-repeat":"repeat","background-position":"center center","background-size":"auto","background-attachment":"scroll","background-type":"","background-media":"","overlay-type":"","overlay-color":"","overlay-gradient":""},"mobile":{"background-color":"","background-image":"","background-repeat":"repeat","background-position":"center center","background-size":"auto","background-attachment":"scroll","background-type":"","background-media":"","overlay-type":"","overlay-color":"","overlay-gradient":""}},"ast-content-background-meta":{"desktop":{"background-color":"var(--ast-global-color-5)","background-image":"","background-repeat":"repeat","background-position":"center center","background-size":"auto","background-attachment":"scroll","background-type":"","background-media":"","overlay-type":"","overlay-color":"","overlay-gradient":""},"tablet":{"background-color":"var(--ast-global-color-5)","background-image":"","background-repeat":"repeat","background-position":"center center","background-size":"auto","background-attachment":"scroll","background-type":"","background-media":"","overlay-type":"","overlay-color":"","overlay-gradient":""},"mobile":{"background-color":"var(--ast-global-color-5)","background-image":"","background-repeat":"repeat","background-position":"center center","background-size":"auto","background-attachment":"scroll","background-type":"","background-media":"","overlay-type":"","overlay-color":"","overlay-gradient":""}},"_joinchat":[]},"product_cat":[23,45,41],"product_tag":[],"_links":{"self":[{"href":"https:\/\/tedelsa-hn.com\/index.php\/wp-json\/wp\/v2\/product\/555"}],"collection":[{"href":"https:\/\/tedelsa-hn.com\/index.php\/wp-json\/wp\/v2\/product"}],"about":[{"href":"https:\/\/tedelsa-hn.com\/index.php\/wp-json\/wp\/v2\/types\/product"}],"replies":[{"embeddable":true,"href":"https:\/\/tedelsa-hn.com\/index.php\/wp-json\/wp\/v2\/comments?post=555"}],"wp:featuredmedia":[{"embeddable":true,"href":"https:\/\/tedelsa-hn.com\/index.php\/wp-json\/wp\/v2\/media\/556"}],"wp:attachment":[{"href":"https:\/\/tedelsa-hn.com\/index.php\/wp-json\/wp\/v2\/media?parent=555"}],"wp:term":[{"taxonomy":"product_cat","embeddable":true,"href":"https:\/\/tedelsa-hn.com\/index.php\/wp-json\/wp\/v2\/product_cat?post=555"},{"taxonomy":"product_tag","embeddable":true,"href":"https:\/\/tedelsa-hn.com\/index.php\/wp-json\/wp\/v2\/product_tag?post=555"}],"curies":[{"name":"wp","href":"https:\/\/api.w.org\/{rel}","templated":true}]}}